{"id":1836,"date":"2025-10-08T11:36:20","date_gmt":"2025-10-08T09:36:20","guid":{"rendered":"https:\/\/oeil-sur.com\/?page_id=1836"},"modified":"2025-10-28T14:18:50","modified_gmt":"2025-10-28T13:18:50","slug":"politique-du-site","status":"publish","type":"page","link":"https:\/\/oeil-sur.com\/en\/politique-du-site\/","title":{"rendered":"Politique du site"},"content":{"rendered":"<div data-elementor-type=\"wp-page\" data-elementor-id=\"1836\" class=\"elementor elementor-1836\" data-elementor-post-type=\"page\">\n\t\t\t\t<div class=\"elementor-element elementor-element-1550230 e-flex e-con-boxed e-con e-parent\" data-id=\"1550230\" data-element_type=\"container\" data-e-type=\"container\">\n\t\t\t\t\t<div class=\"e-con-inner\">\n\t\t\t\t<div class=\"elementor-element elementor-element-76c204d elementor-widget__width-inherit elementor-widget elementor-widget-heading\" data-id=\"76c204d\" data-element_type=\"widget\" data-e-type=\"widget\" data-widget_type=\"heading.default\">\n\t\t\t\t\t<h1 class=\"elementor-heading-title elementor-size-default\">Legal notices (Site policy)<\/h1>\t\t\t\t<\/div>\n\t\t\t\t<div class=\"elementor-element elementor-element-d8f7c57 elementor-widget__width-inherit elementor-widget elementor-widget-heading\" data-id=\"d8f7c57\" data-element_type=\"widget\" data-e-type=\"widget\" data-widget_type=\"heading.default\">\n\t\t\t\t\t<p class=\"elementor-heading-title elementor-size-default\">Last update: October 28, 2025<\/p>\t\t\t\t<\/div>\n\t\t\t\t\t<\/div>\n\t\t\t\t<\/div>\n\t\t<div class=\"elementor-element elementor-element-4020160 e-flex e-con-boxed e-con e-parent\" data-id=\"4020160\" data-element_type=\"container\" data-e-type=\"container\">\n\t\t\t\t\t<div class=\"e-con-inner\">\n\t\t\t\t<div class=\"elementor-element elementor-element-677b245 elementor-widget-divider--view-line elementor-widget elementor-widget-divider\" data-id=\"677b245\" data-element_type=\"widget\" data-e-type=\"widget\" data-widget_type=\"divider.default\">\n\t\t\t\t\t\t\t<div class=\"elementor-divider\">\n\t\t\t<span class=\"elementor-divider-separator\">\n\t\t\t\t\t\t<\/span>\n\t\t<\/div>\n\t\t\t\t\t\t<\/div>\n\t\t\t\t\t<\/div>\n\t\t\t\t<\/div>\n\t\t<div class=\"elementor-element elementor-element-5e90c40 e-flex e-con-boxed e-con e-parent\" data-id=\"5e90c40\" data-element_type=\"container\" data-e-type=\"container\">\n\t\t\t\t\t<div class=\"e-con-inner\">\n\t\t\t\t<div class=\"elementor-element elementor-element-f58acfc elementor-widget elementor-widget-text-editor\" data-id=\"f58acfc\" data-element_type=\"widget\" data-e-type=\"widget\" data-widget_type=\"text-editor.default\">\n\t\t\t\t\t\t\t\t\t<p data-start=\"2782\" data-end=\"3061\"><strong data-start=\"2782\" data-end=\"2807\">Company name:<\/strong> \u0152il-S\u00fbr<br data-start=\"2815\" data-end=\"2818\" \/><strong data-start=\"2818\" data-end=\"2839\">Forme juridique :<\/strong> SARL<br data-start=\"2894\" data-end=\"2897\" \/><strong data-start=\"2897\" data-end=\"2915\">Headquarters:<\/strong> Neptune Tam-Tam, Yaound\u00e9<br data-start=\"2934\" data-end=\"2937\" \/><strong data-start=\"2937\" data-end=\"2952\">Phone:<\/strong> (+237) 676-78-86-32<br data-start=\"2961\" data-end=\"2964\" \/><strong data-start=\"2964\" data-end=\"2976\">E-mail :<\/strong> <a class=\"decorated-link cursor-pointer\" rel=\"noopener\" data-start=\"2977\" data-end=\"2997\">communication@oeil-sur.com<\/a><br data-start=\"2997\" data-end=\"3000\" \/><strong data-start=\"3000\" data-end=\"3014\">Site web :<\/strong> <a class=\"decorated-link\" href=\"https:\/\/oeil-sur.com\/en\/\" target=\"_new\" rel=\"noopener\" data-start=\"3015\" data-end=\"3059\">https:\/\/oeil-sur.com<\/a><\/p>\t\t\t\t\t\t\t\t<\/div>\n\t\t\t\t\t<\/div>\n\t\t\t\t<\/div>\n\t\t<div class=\"elementor-element elementor-element-f765b4d e-flex e-con-boxed e-con e-parent\" data-id=\"f765b4d\" data-element_type=\"container\" data-e-type=\"container\">\n\t\t\t\t\t<div class=\"e-con-inner\">\n\t\t\t\t<div class=\"elementor-element elementor-element-dbf095d elementor-widget__width-inherit elementor-widget elementor-widget-heading\" data-id=\"dbf095d\" data-element_type=\"widget\" data-e-type=\"widget\" data-widget_type=\"heading.default\">\n\t\t\t\t\t<p class=\"elementor-heading-title elementor-size-default\">Name of the legal representative or manager of the site:<\/p>\t\t\t\t<\/div>\n\t\t\t\t<div class=\"elementor-element elementor-element-5416eae elementor-widget elementor-widget-text-editor\" data-id=\"5416eae\" data-element_type=\"widget\" data-e-type=\"widget\" data-widget_type=\"text-editor.default\">\n\t\t\t\t\t\t\t\t\t<p><em>Lionel DOUNTSOP<\/em><\/p><p><strong data-start=\"3146\" data-end=\"3171\">Website hosting:<\/strong><\/p><p>Name: <strong><em>GoDaddy<\/em><\/strong><\/p>\t\t\t\t\t\t\t\t<\/div>\n\t\t\t\t\t<\/div>\n\t\t\t\t<\/div>\n\t\t<div class=\"elementor-element elementor-element-b20bbc8 e-flex e-con-boxed e-con e-parent\" data-id=\"b20bbc8\" data-element_type=\"container\" data-e-type=\"container\">\n\t\t\t\t\t<div class=\"e-con-inner\">\n\t\t\t\t<div class=\"elementor-element elementor-element-d36c188 elementor-widget__width-inherit elementor-widget elementor-widget-heading\" data-id=\"d36c188\" data-element_type=\"widget\" data-e-type=\"widget\" data-widget_type=\"heading.default\">\n\t\t\t\t\t<p class=\"elementor-heading-title elementor-size-default\">Intellectual property:<\/p>\t\t\t\t<\/div>\n\t\t\t\t<div class=\"elementor-element elementor-element-28d1fa9 elementor-widget elementor-widget-text-editor\" data-id=\"28d1fa9\" data-element_type=\"widget\" data-e-type=\"widget\" data-widget_type=\"text-editor.default\">\n\t\t\t\t\t\t\t\t\t<p>All content on the \u0152il S\u00fbr website (text, images, graphics, logos, etc.) is protected by copyright. Any reproduction, distribution, or use without prior authorization is strictly prohibited.<\/p>\t\t\t\t\t\t\t\t<\/div>\n\t\t\t\t\t<\/div>\n\t\t\t\t<\/div>\n\t\t<div class=\"elementor-element elementor-element-f1ff22b e-flex e-con-boxed e-con e-parent\" data-id=\"f1ff22b\" data-element_type=\"container\" data-e-type=\"container\">\n\t\t\t\t\t<div class=\"e-con-inner\">\n\t\t\t\t<div class=\"elementor-element elementor-element-1dabc4e elementor-widget__width-inherit elementor-widget elementor-widget-heading\" data-id=\"1dabc4e\" data-element_type=\"widget\" data-e-type=\"widget\" data-widget_type=\"heading.default\">\n\t\t\t\t\t<p class=\"elementor-heading-title elementor-size-default\">Responsibility:<\/p>\t\t\t\t<\/div>\n\t\t\t\t<div class=\"elementor-element elementor-element-f21f6e3 elementor-widget elementor-widget-text-editor\" data-id=\"f21f6e3\" data-element_type=\"widget\" data-e-type=\"widget\" data-widget_type=\"text-editor.default\">\n\t\t\t\t\t\t\t\t\t<p>\u0152il S\u00fbr strives to ensure that the information on the website is accurate and up to date. However, the company cannot be held liable for any errors or service interruptions.<\/p>\t\t\t\t\t\t\t\t<\/div>\n\t\t\t\t\t<\/div>\n\t\t\t\t<\/div>\n\t\t\t\t<\/div>","protected":false},"excerpt":{"rendered":"<p>Mentions l\u00e9gales (Politique du site) Derni\u00e8re mise \u00e0 jour : 28 Octobre 2025 Nom de l\u2019entreprise : \u0152il-S\u00fbrForme juridique : [&hellip;]<\/p>\n","protected":false},"author":270358044,"featured_media":0,"parent":0,"menu_order":0,"comment_status":"closed","ping_status":"closed","template":"elementor_header_footer","meta":{"_eb_attr":"","_crdt_document":"","site-sidebar-layout":"no-sidebar","site-content-layout":"","ast-site-content-layout":"full-width-container","site-content-style":"default","site-sidebar-style":"default","ast-global-header-display":"","ast-banner-title-visibility":"","ast-main-header-display":"","ast-hfb-above-header-display":"","ast-hfb-below-header-display":"","ast-hfb-mobile-header-display":"","site-post-title":"","ast-breadcrumbs-content":"","ast-featured-img":"disabled","footer-sml-layout":"","theme-transparent-header-meta":"","adv-header-id-meta":"","stick-header-meta":"","header-above-stick-meta":"","header-main-stick-meta":"","header-below-stick-meta":"","astra-migrate-meta-layouts":"default","ast-page-background-enabled":"default","ast-page-background-meta":{"desktop":{"background-color":"var(--ast-global-color-5)","background-image":"","background-repeat":"repeat","background-position":"center center","background-size":"auto","background-attachment":"scroll","background-type":"","background-media":"","overlay-type":"","overlay-color":"","overlay-opacity":"","overlay-gradient":""},"tablet":{"background-color":"","background-image":"","background-repeat":"repeat","background-position":"center center","background-size":"auto","background-attachment":"scroll","background-type":"","background-media":"","overlay-type":"","overlay-color":"","overlay-opacity":"","overlay-gradient":""},"mobile":{"background-color":"","background-image":"","background-repeat":"repeat","background-position":"center center","background-size":"auto","background-attachment":"scroll","background-type":"","background-media":"","overlay-type":"","overlay-color":"","overlay-opacity":"","overlay-gradient":""}},"ast-content-background-meta":{"desktop":{"background-color":"var(--ast-global-color-4)","background-image":"","background-repeat":"repeat","background-position":"center center","background-size":"auto","background-attachment":"scroll","background-type":"","background-media":"","overlay-type":"","overlay-color":"","overlay-opacity":"","overlay-gradient":""},"tablet":{"background-color":"var(--ast-global-color-4)","background-image":"","background-repeat":"repeat","background-position":"center center","background-size":"auto","background-attachment":"scroll","background-type":"","background-media":"","overlay-type":"","overlay-color":"","overlay-opacity":"","overlay-gradient":""},"mobile":{"background-color":"var(--ast-global-color-4)","background-image":"","background-repeat":"repeat","background-position":"center center","background-size":"auto","background-attachment":"scroll","background-type":"","background-media":"","overlay-type":"","overlay-color":"","overlay-opacity":"","overlay-gradient":""}},"footnotes":""},"class_list":["post-1836","page","type-page","status-publish","hentry"],"yoast_head":"<!-- This site is optimized with the Yoast SEO plugin v27.4 - https:\/\/yoast.com\/product\/yoast-seo-wordpress\/ -->\n<title>Politique du site | \u0152IL S\u00dbR<\/title>\n<meta name=\"robots\" content=\"noindex, nofollow\" \/>\n<meta property=\"og:locale\" content=\"en_US\" \/>\n<meta property=\"og:type\" content=\"article\" \/>\n<meta property=\"og:title\" content=\"Politique du site | \u0152IL S\u00dbR\" \/>\n<meta property=\"og:description\" content=\"Mentions l\u00e9gales (Politique du site) Derni\u00e8re mise \u00e0 jour : 28 Octobre 2025 Nom de l\u2019entreprise : \u0152il-S\u00fbrForme juridique : [&hellip;]\" \/>\n<meta property=\"og:url\" content=\"https:\/\/oeil-sur.com\/en\/politique-du-site\/\" \/>\n<meta property=\"og:site_name\" content=\"\u0152IL S\u00dbR\" \/>\n<meta property=\"article:modified_time\" content=\"2025-10-28T13:18:50+00:00\" \/>\n<meta name=\"twitter:card\" content=\"summary_large_image\" \/>\n<meta name=\"twitter:label1\" content=\"Est. reading time\" \/>\n\t<meta name=\"twitter:data1\" content=\"1 minute\" \/>\n<script type=\"application\/ld+json\" class=\"yoast-schema-graph\">{\"@context\":\"https:\\\/\\\/schema.org\",\"@graph\":[{\"@type\":\"WebPage\",\"@id\":\"https:\\\/\\\/oeil-sur.com\\\/politique-du-site\\\/\",\"url\":\"https:\\\/\\\/oeil-sur.com\\\/politique-du-site\\\/\",\"name\":\"Politique du site | \u0152IL S\u00dbR\",\"isPartOf\":{\"@id\":\"https:\\\/\\\/oeil-sur.com\\\/#website\"},\"datePublished\":\"2025-10-08T09:36:20+00:00\",\"dateModified\":\"2025-10-28T13:18:50+00:00\",\"breadcrumb\":{\"@id\":\"https:\\\/\\\/oeil-sur.com\\\/politique-du-site\\\/#breadcrumb\"},\"inLanguage\":\"en-US\",\"potentialAction\":[{\"@type\":\"ReadAction\",\"target\":[\"https:\\\/\\\/oeil-sur.com\\\/politique-du-site\\\/\"]}]},{\"@type\":\"BreadcrumbList\",\"@id\":\"https:\\\/\\\/oeil-sur.com\\\/politique-du-site\\\/#breadcrumb\",\"itemListElement\":[{\"@type\":\"ListItem\",\"position\":1,\"name\":\"Accueil\",\"item\":\"https:\\\/\\\/oeil-sur.com\\\/\"},{\"@type\":\"ListItem\",\"position\":2,\"name\":\"Politique du site\"}]},{\"@type\":\"WebSite\",\"@id\":\"https:\\\/\\\/oeil-sur.com\\\/#website\",\"url\":\"https:\\\/\\\/oeil-sur.com\\\/\",\"name\":\"\u0152IL S\u00dbR\",\"description\":\"\",\"publisher\":{\"@id\":\"https:\\\/\\\/oeil-sur.com\\\/#organization\"},\"potentialAction\":[{\"@type\":\"SearchAction\",\"target\":{\"@type\":\"EntryPoint\",\"urlTemplate\":\"https:\\\/\\\/oeil-sur.com\\\/?s={search_term_string}\"},\"query-input\":{\"@type\":\"PropertyValueSpecification\",\"valueRequired\":true,\"valueName\":\"search_term_string\"}}],\"inLanguage\":\"en-US\"},{\"@type\":\"Organization\",\"@id\":\"https:\\\/\\\/oeil-sur.com\\\/#organization\",\"name\":\"\u0152IL S\u00dbR\",\"url\":\"https:\\\/\\\/oeil-sur.com\\\/\",\"logo\":{\"@type\":\"ImageObject\",\"inLanguage\":\"en-US\",\"@id\":\"https:\\\/\\\/oeil-sur.com\\\/#\\\/schema\\\/logo\\\/image\\\/\",\"url\":\"https:\\\/\\\/i0.wp.com\\\/oeil-sur.com\\\/wp-content\\\/uploads\\\/2025\\\/08\\\/cropped-logo-oeil-sur.webp?fit=1920%2C1865&ssl=1\",\"contentUrl\":\"https:\\\/\\\/i0.wp.com\\\/oeil-sur.com\\\/wp-content\\\/uploads\\\/2025\\\/08\\\/cropped-logo-oeil-sur.webp?fit=1920%2C1865&ssl=1\",\"width\":1920,\"height\":1865,\"caption\":\"\u0152IL S\u00dbR\"},\"image\":{\"@id\":\"https:\\\/\\\/oeil-sur.com\\\/#\\\/schema\\\/logo\\\/image\\\/\"}}]}<\/script>\n<!-- \/ Yoast SEO plugin. -->","yoast_head_json":{"title":"Politique du site | \u0152IL S\u00dbR","robots":{"index":"noindex","follow":"nofollow"},"og_locale":"en_US","og_type":"article","og_title":"Politique du site | \u0152IL S\u00dbR","og_description":"Mentions l\u00e9gales (Politique du site) Derni\u00e8re mise \u00e0 jour : 28 Octobre 2025 Nom de l\u2019entreprise : \u0152il-S\u00fbrForme juridique : [&hellip;]","og_url":"https:\/\/oeil-sur.com\/en\/politique-du-site\/","og_site_name":"\u0152IL S\u00dbR","article_modified_time":"2025-10-28T13:18:50+00:00","twitter_card":"summary_large_image","twitter_misc":{"Est. reading time":"1 minute"},"schema":{"@context":"https:\/\/schema.org","@graph":[{"@type":"WebPage","@id":"https:\/\/oeil-sur.com\/politique-du-site\/","url":"https:\/\/oeil-sur.com\/politique-du-site\/","name":"Politique du site | \u0152IL S\u00dbR","isPartOf":{"@id":"https:\/\/oeil-sur.com\/#website"},"datePublished":"2025-10-08T09:36:20+00:00","dateModified":"2025-10-28T13:18:50+00:00","breadcrumb":{"@id":"https:\/\/oeil-sur.com\/politique-du-site\/#breadcrumb"},"inLanguage":"en-US","potentialAction":[{"@type":"ReadAction","target":["https:\/\/oeil-sur.com\/politique-du-site\/"]}]},{"@type":"BreadcrumbList","@id":"https:\/\/oeil-sur.com\/politique-du-site\/#breadcrumb","itemListElement":[{"@type":"ListItem","position":1,"name":"Accueil","item":"https:\/\/oeil-sur.com\/"},{"@type":"ListItem","position":2,"name":"Politique du site"}]},{"@type":"WebSite","@id":"https:\/\/oeil-sur.com\/#website","url":"https:\/\/oeil-sur.com\/","name":"\u0152IL S\u00dbR","description":"","publisher":{"@id":"https:\/\/oeil-sur.com\/#organization"},"potentialAction":[{"@type":"SearchAction","target":{"@type":"EntryPoint","urlTemplate":"https:\/\/oeil-sur.com\/?s={search_term_string}"},"query-input":{"@type":"PropertyValueSpecification","valueRequired":true,"valueName":"search_term_string"}}],"inLanguage":"en-US"},{"@type":"Organization","@id":"https:\/\/oeil-sur.com\/#organization","name":"\u0152IL S\u00dbR","url":"https:\/\/oeil-sur.com\/","logo":{"@type":"ImageObject","inLanguage":"en-US","@id":"https:\/\/oeil-sur.com\/#\/schema\/logo\/image\/","url":"https:\/\/i0.wp.com\/oeil-sur.com\/wp-content\/uploads\/2025\/08\/cropped-logo-oeil-sur.webp?fit=1920%2C1865&ssl=1","contentUrl":"https:\/\/i0.wp.com\/oeil-sur.com\/wp-content\/uploads\/2025\/08\/cropped-logo-oeil-sur.webp?fit=1920%2C1865&ssl=1","width":1920,"height":1865,"caption":"\u0152IL S\u00dbR"},"image":{"@id":"https:\/\/oeil-sur.com\/#\/schema\/logo\/image\/"}}]}},"jetpack_shortlink":"https:\/\/wp.me\/PgL2q8-tC","jetpack_sharing_enabled":true,"_links":{"self":[{"href":"https:\/\/oeil-sur.com\/en\/wp-json\/wp\/v2\/pages\/1836","targetHints":{"allow":["GET"]}}],"collection":[{"href":"https:\/\/oeil-sur.com\/en\/wp-json\/wp\/v2\/pages"}],"about":[{"href":"https:\/\/oeil-sur.com\/en\/wp-json\/wp\/v2\/types\/page"}],"author":[{"embeddable":true,"href":"https:\/\/oeil-sur.com\/en\/wp-json\/wp\/v2\/users\/270358044"}],"replies":[{"embeddable":true,"href":"https:\/\/oeil-sur.com\/en\/wp-json\/wp\/v2\/comments?post=1836"}],"version-history":[{"count":33,"href":"https:\/\/oeil-sur.com\/en\/wp-json\/wp\/v2\/pages\/1836\/revisions"}],"predecessor-version":[{"id":2343,"href":"https:\/\/oeil-sur.com\/en\/wp-json\/wp\/v2\/pages\/1836\/revisions\/2343"}],"wp:attachment":[{"href":"https:\/\/oeil-sur.com\/en\/wp-json\/wp\/v2\/media?parent=1836"}],"curies":[{"name":"wp","href":"https:\/\/api.w.org\/{rel}","templated":true}]}}